{"id":16,"date":"2021-04-10T22:22:33","date_gmt":"2021-04-10T22:22:33","guid":{"rendered":"https:\/\/www.penelope.com.ar\/tienda\/?post_type=product&#038;p=16"},"modified":"2021-04-11T22:16:41","modified_gmt":"2021-04-11T22:16:41","slug":"chaleco-senorcitos","status":"publish","type":"product","link":"https:\/\/www.penelope.com.ar\/tienda\/producto\/chaleco-senorcitos\/","title":{"rendered":"CHALECO SE\u00d1ORCITOS"},"content":{"rendered":"","protected":false},"excerpt":{"rendered":"<p>Elaborados en lana s\u00faper ajuar bebe hipoalerg\u00e9nica<\/p>\n","protected":false},"featured_media":17,"comment_status":"open","ping_status":"closed","template":"","meta":[],"_links":{"self":[{"href":"https:\/\/www.penelope.com.ar\/tienda\/wp-json\/wp\/v2\/product\/16"}],"collection":[{"href":"https:\/\/www.penelope.com.ar\/tienda\/wp-json\/wp\/v2\/product"}],"about":[{"href":"https:\/\/www.penelope.com.ar\/tienda\/wp-json\/wp\/v2\/types\/product"}],"replies":[{"embeddable":true,"href":"https:\/\/www.penelope.com.ar\/tienda\/wp-json\/wp\/v2\/comments?post=16"}],"wp:featuredmedia":[{"embeddable":true,"href":"https:\/\/www.penelope.com.ar\/tienda\/wp-json\/wp\/v2\/media\/17"}],"wp:attachment":[{"href":"https:\/\/www.penelope.com.ar\/tienda\/wp-json\/wp\/v2\/media?parent=16"}],"curies":[{"name":"wp","href":"https:\/\/api.w.org\/{rel}","templated":true}]}}